{"id":3227,"date":"2015-05-30T17:02:44","date_gmt":"2015-05-30T15:02:44","guid":{"rendered":"http:\/\/www.koenigswald.de\/?page_id=3227"},"modified":"2015-05-30T17:02:44","modified_gmt":"2015-05-30T15:02:44","slug":"ferienhaus-kastanie","status":"publish","type":"page","link":"https:\/\/koenigswald.de\/?page_id=3227","title":{"rendered":"Ferienhaus Kastanie"},"content":{"rendered":"<h1>Urlaub und Ferien im Ferienhaus Kastanie in Cornberg-Rockensuess<\/h1>\n<p>Urlaubsregion zwischen Wartburg und Herkules in Waldhessen &#8211; (Hessisches Bergland &#8211; Nordhessen)<\/p>\n<p>Sie m\u00f6gen die Gebr\u00fcder Grimm, wandern oder fahren gerne Rad oder m\u00f6chten einfach mal die Seele baumeln lassen?<br \/>\nDann sollte das geschichts- und m\u00e4rchentr\u00e4chtige Waldhessen Ihre Neugierde wecken, denn die Region bietet hierf\u00fcr vielf\u00e4ltigste M\u00f6glichkeiten:<\/p>\n<p>Wandern und entspannen Sie im Auenland an der Fulda<br \/>\nFolgen Sie auf der \u00e4ltesten F\u00e4hrtenplatte Europas den Spuren von Octopodichnus tridactylus, Phalangichnus alternans, Palmichnus renisum und Productus horridus (Nach Absprache kann Sie ein ortsans\u00e4ssiger G\u00e4stef\u00fchrer begleiten).<br \/>\nTauchen Sie in die M\u00e4rchenwelt des nordhessischen Berglands ein und besuchen Sie Frau Holle\u2019s Hausberg am Hohen Mei\u00dfner. Der \u00dcberlieferung nach soll der Eingang in ihr unterirdisches Reich zwischen Vockerode und dem Gipfel des Mei\u00dfners liegen.<\/p>\n<p>Rockens\u00fc\u00df selbst kann eine \u00fcber 725j\u00e4hrige Geschichte nachweisen. Auch hier gibt es spannende Erz\u00e4hlungen und Geschichten um einen urspr\u00fcnglich historischen Kern wie z.B. das \u201eBertels-Loch\u201c, die \u201eFranzosenstra\u00dfe\u201c oder den &#8222;Katzkopf&#8220;.<\/p>\n<p>Sie m\u00f6chten zur\u00fcck in die Gegenwart ? Kein Problem: gehen Sie schwimmen, rudern. Spielen Sie Minigolf oder Tennis, entspannen Sie sich in den Thermen der Umgebung, besuchen Sie eine Auff\u00fchrung der Bad Hersfelder Festspiele oder gewinnen Sie einen Einblick in die K\u00e4seherstellung, genie\u00dfen Sie die nordhessische K\u00fcche mit ihren Spezialit\u00e4ten \u2013 in Waldhessen ist alles m\u00f6glich !<\/p>\n<p>Kontaktm\u00f6glichkeit:<\/p>\n<p>Edith Auerswald<br \/>\nSontraer Str. 6a<br \/>\n36219 Cornberg-Rockens\u00fc\u00df<br \/>\nDeutschland<br \/>\nTelefon: 05650\/800<br \/>\nTelefax: 05650\/921137<br \/>\nWebseite: <a href=\"http:\/\/www.ferienhaus-cornberg-rockensuess.de\" target=\"_blank\">www.ferienhaus-cornberg-rockensuess.de<\/a><br \/>\nE-Mail: <a href=\"mailto:info@ferienhaus-cornberg-rockensuess.de\" target=\"_blank\">info@ferienhaus-cornberg-rockensuess.de<\/a><\/p>\n<!-- index.php -->\n<div\n\tclass=\"ngg-galleryoverview ngg-ajax-pagination-none\"\n\tid=\"ngg-gallery-7c8cc5448d4921d8e9e76302aff05891-1\">\n\n    \t\t<!-- Thumbnails -->\n\t\t\t\t<div id=\"ngg-image-0\" class=\"ngg-gallery-thumbnail-box\" >\n\t\t\t\t        <div class=\"ngg-gallery-thumbnail\">\n            <a href=\"https:\/\/koenigswald.de\/wp-content\/gallery\/ferienhaus-kastanie\/Kamin.jpg\"\n               title=\"\"\n               data-src=\"https:\/\/koenigswald.de\/wp-content\/gallery\/ferienhaus-kastanie\/Kamin.jpg\"\n               data-thumbnail=\"https:\/\/koenigswald.de\/wp-content\/gallery\/ferienhaus-kastanie\/thumbs\/thumbs_Kamin.jpg\"\n               data-image-id=\"722\"\n               data-title=\"Kamin\"\n               data-description=\"\"\n               data-image-slug=\"kamin\"\n               class=\"ngg-fancybox\" rel=\"7c8cc5448d4921d8e9e76302aff05891\">\n                <img\n                    title=\"Kamin\"\n                    alt=\"Kamin\"\n                    src=\"https:\/\/koenigswald.de\/wp-content\/gallery\/ferienhaus-kastanie\/thumbs\/thumbs_Kamin.jpg\"\n                    width=\"120\"\n                    height=\"90\"\n                    style=\"max-width:100%;\"\n                \/>\n            <\/a>\n        <\/div>\n\t\t\t\t\t\t\t<\/div> \n\t\t\t\n        \n\t\t\t\t<div id=\"ngg-image-1\" class=\"ngg-gallery-thumbnail-box\" >\n\t\t\t\t        <div class=\"ngg-gallery-thumbnail\">\n            <a href=\"https:\/\/koenigswald.de\/wp-content\/gallery\/ferienhaus-kastanie\/Schreibtisch%20DG.jpg\"\n               title=\"\"\n               data-src=\"https:\/\/koenigswald.de\/wp-content\/gallery\/ferienhaus-kastanie\/Schreibtisch%20DG.jpg\"\n               data-thumbnail=\"https:\/\/koenigswald.de\/wp-content\/gallery\/ferienhaus-kastanie\/thumbs\/thumbs_Schreibtisch%20DG.jpg\"\n               data-image-id=\"723\"\n               data-title=\"Schreibtisch DG\"\n               data-description=\"\"\n               data-image-slug=\"schreibtisch-dg\"\n               class=\"ngg-fancybox\" rel=\"7c8cc5448d4921d8e9e76302aff05891\">\n                <img\n                    title=\"Schreibtisch DG\"\n                    alt=\"Schreibtisch DG\"\n                    src=\"https:\/\/koenigswald.de\/wp-content\/gallery\/ferienhaus-kastanie\/thumbs\/thumbs_Schreibtisch%20DG.jpg\"\n                    width=\"120\"\n                    height=\"90\"\n                    style=\"max-width:100%;\"\n                \/>\n            <\/a>\n        <\/div>\n\t\t\t\t\t\t\t<\/div> \n\t\t\t\n        \n\t\t\t\t<div id=\"ngg-image-2\" class=\"ngg-gallery-thumbnail-box\" >\n\t\t\t\t        <div class=\"ngg-gallery-thumbnail\">\n            <a href=\"https:\/\/koenigswald.de\/wp-content\/gallery\/ferienhaus-kastanie\/esszimmer%201.jpg\"\n               title=\"\"\n               data-src=\"https:\/\/koenigswald.de\/wp-content\/gallery\/ferienhaus-kastanie\/esszimmer%201.jpg\"\n               data-thumbnail=\"https:\/\/koenigswald.de\/wp-content\/gallery\/ferienhaus-kastanie\/thumbs\/thumbs_esszimmer%201.jpg\"\n               data-image-id=\"724\"\n               data-title=\"esszimmer 1\"\n               data-description=\"\"\n               data-image-slug=\"esszimmer-1\"\n               class=\"ngg-fancybox\" rel=\"7c8cc5448d4921d8e9e76302aff05891\">\n                <img\n                    title=\"esszimmer 1\"\n                    alt=\"esszimmer 1\"\n                    src=\"https:\/\/koenigswald.de\/wp-content\/gallery\/ferienhaus-kastanie\/thumbs\/thumbs_esszimmer%201.jpg\"\n                    width=\"120\"\n                    height=\"80\"\n                    style=\"max-width:100%;\"\n                \/>\n            <\/a>\n        <\/div>\n\t\t\t\t\t\t\t<\/div> \n\t\t\t\n        \n\t\t\t\t<div id=\"ngg-image-3\" class=\"ngg-gallery-thumbnail-box\" >\n\t\t\t\t        <div class=\"ngg-gallery-thumbnail\">\n            <a href=\"https:\/\/koenigswald.de\/wp-content\/gallery\/ferienhaus-kastanie\/freisitz%203.jpg\"\n               title=\"\"\n               data-src=\"https:\/\/koenigswald.de\/wp-content\/gallery\/ferienhaus-kastanie\/freisitz%203.jpg\"\n               data-thumbnail=\"https:\/\/koenigswald.de\/wp-content\/gallery\/ferienhaus-kastanie\/thumbs\/thumbs_freisitz%203.jpg\"\n               data-image-id=\"725\"\n               data-title=\"freisitz 3\"\n               data-description=\"\"\n               data-image-slug=\"freisitz-3\"\n               class=\"ngg-fancybox\" rel=\"7c8cc5448d4921d8e9e76302aff05891\">\n                <img\n                    title=\"freisitz 3\"\n                    alt=\"freisitz 3\"\n                    src=\"https:\/\/koenigswald.de\/wp-content\/gallery\/ferienhaus-kastanie\/thumbs\/thumbs_freisitz%203.jpg\"\n                    width=\"120\"\n                    height=\"90\"\n                    style=\"max-width:100%;\"\n                \/>\n            <\/a>\n        <\/div>\n\t\t\t\t\t\t\t<\/div> \n\t\t\t\n        \n\t\t\t\t<div id=\"ngg-image-4\" class=\"ngg-gallery-thumbnail-box\" >\n\t\t\t\t        <div class=\"ngg-gallery-thumbnail\">\n            <a href=\"https:\/\/koenigswald.de\/wp-content\/gallery\/ferienhaus-kastanie\/auerswald2.jpg\"\n               title=\"\"\n               data-src=\"https:\/\/koenigswald.de\/wp-content\/gallery\/ferienhaus-kastanie\/auerswald2.jpg\"\n               data-thumbnail=\"https:\/\/koenigswald.de\/wp-content\/gallery\/ferienhaus-kastanie\/thumbs\/thumbs_auerswald2.jpg\"\n               data-image-id=\"750\"\n               data-title=\"auerswald2\"\n               data-description=\"\"\n               data-image-slug=\"auerswald2\"\n               class=\"ngg-fancybox\" rel=\"7c8cc5448d4921d8e9e76302aff05891\">\n                <img\n                    title=\"auerswald2\"\n                    alt=\"auerswald2\"\n                    src=\"https:\/\/koenigswald.de\/wp-content\/gallery\/ferienhaus-kastanie\/thumbs\/thumbs_auerswald2.jpg\"\n                    width=\"120\"\n                    height=\"80\"\n                    style=\"max-width:100%;\"\n                \/>\n            <\/a>\n        <\/div>\n\t\t\t\t\t\t\t<\/div> \n\t\t\t\n        \n\t\t\n\t\t<div class=\"ngg-clear\"><\/div>\n\t<\/div>\n\n<div id=\"themify_builder_content-3227\" data-postid=\"3227\" class=\"themify_builder_content themify_builder_content-3227 themify_builder themify_builder_front\">\n\t<\/div>\n<!-- \/themify_builder_content -->","protected":false},"excerpt":{"rendered":"<p>Urlaub und Ferien im Ferienhaus Kastanie in Cornberg-Rockensuess Urlaubsregion zwischen Wartburg und Herkules in Waldhessen &#8211; (Hessisches Bergland &#8211; Nordhessen) Sie m\u00f6gen die Gebr\u00fcder Grimm, wandern oder fahren gerne Rad oder m\u00f6chten einfach mal die Seele baumeln lassen? Dann sollte das geschichts- und m\u00e4rchentr\u00e4chtige Waldhessen Ihre Neugierde wecken, denn die Region bietet hierf\u00fcr vielf\u00e4ltigste M\u00f6glichkeiten: [&hellip;]<\/p>\n","protected":false},"author":2,"featured_media":0,"parent":2544,"menu_order":0,"comment_status":"open","ping_status":"open","template":"","meta":{"ngg_post_thumbnail":0},"_links":{"self":[{"href":"https:\/\/koenigswald.de\/index.php?rest_route=\/wp\/v2\/pages\/3227"}],"collection":[{"href":"https:\/\/koenigswald.de\/index.php?rest_route=\/wp\/v2\/pages"}],"about":[{"href":"https:\/\/koenigswald.de\/index.php?rest_route=\/wp\/v2\/types\/page"}],"author":[{"embeddable":true,"href":"https:\/\/koenigswald.de\/index.php?rest_route=\/wp\/v2\/users\/2"}],"replies":[{"embeddable":true,"href":"https:\/\/koenigswald.de\/index.php?rest_route=%2Fwp%2Fv2%2Fcomments&post=3227"}],"version-history":[{"count":4,"href":"https:\/\/koenigswald.de\/index.php?rest_route=\/wp\/v2\/pages\/3227\/revisions"}],"predecessor-version":[{"id":3236,"href":"https:\/\/koenigswald.de\/index.php?rest_route=\/wp\/v2\/pages\/3227\/revisions\/3236"}],"up":[{"embeddable":true,"href":"https:\/\/koenigswald.de\/index.php?rest_route=\/wp\/v2\/pages\/2544"}],"wp:attachment":[{"href":"https:\/\/koenigswald.de\/index.php?rest_route=%2Fwp%2Fv2%2Fmedia&parent=3227"}],"curies":[{"name":"wp","href":"https:\/\/api.w.org\/{rel}","templated":true}]}}