{"id":2578,"date":"2014-12-06T19:14:56","date_gmt":"2014-12-06T17:14:56","guid":{"rendered":"http:\/\/www.koenigswald.de\/?page_id=2578"},"modified":"2017-09-11T15:20:36","modified_gmt":"2017-09-11T13:20:36","slug":"hahs-it-pc-spezialist-bebra","status":"publish","type":"page","link":"https:\/\/koenigswald.de\/?page_id=2578","title":{"rendered":"Hahs.IT | PC-SPEZIALIST Bebra"},"content":{"rendered":"<h1>Hahs.IT | PC-SPEZIALIST Bebra<\/h1>\n<p>PC-SPEZIALIST Bebra bietet Ihnen ein umfangreiches Angebot an IT-Dienstleistungen f\u00fcr alle Ger\u00e4te. Im Schadensfall erhalten Sie durch die <a href=\"https:\/\/www.pcspezialist.de\/bebra\/reparatur-service.html\">Hardware-<\/a> , <a href=\"https:\/\/www.pcspezialist.de\/bebra\/computer-reparatur.html\">PC-<\/a> und <a href=\"https:\/\/www.pcspezialist.de\/bebra\/notebook-reparatur.html\">Notebook-<\/a> oder <a href=\"https:\/\/www.pcspezialist.de\/bebra\/smartphone-reparatur.html\">Smartphone-<\/a> und <a href=\"https:\/\/www.pcspezialist.de\/bebra\/tablet-reparatur.html\">Tablet-Reparatur<\/a> schnelle Hilfe und fachgerechten Service. Zus\u00e4tzlich unterst\u00fctzen Sie unsere zertifizierten Techniker Sie bei der Einrichtung und Konfiguration Ihres <a href=\"https:\/\/www.pcspezialist.de\/bebra\/wunsch-pc-konfigurieren.html\">Wunsch-PCs<\/a> , der Netzwerkeinrichtung- und Betreuung sowie Software-Installationen \u2013 schnell, zuverl\u00e4ssig und gewissenhaft. S\u00e4mtliche Service-Leistungen f\u00fcr Computer und mobile Endger\u00e4te erhalten Sie zum Festpreis \u2013 unabh\u00e4ngig von Hersteller oder Marke.<\/p>\n<p>PC-SPEZIALIST in Bebra<br \/>\nManuel Hahs<br \/>\nBismarckstr. 12<br \/>\n36179 Bebra<\/p>\n<p>Telefon: 06622-902300<br \/>\nEmail: <a href=\"mailto:hallo@hahs.it\">hallo@hahs.it<\/a><br \/>\nWeb: <a href=\"http:\/\/www.hahs.it\" target=\"_blank\" rel=\"noopener noreferrer\">www.hahs.it<\/a><\/p>\n<!-- index.php -->\n<div\n\tclass=\"ngg-galleryoverview ngg-ajax-pagination-none\"\n\tid=\"ngg-gallery-a1c47c27e329b7b79e9e7654a0f1ba1d-1\">\n\n    \t\t<!-- Thumbnails -->\n\t\t\t\t<div id=\"ngg-image-0\" class=\"ngg-gallery-thumbnail-box\" >\n\t\t\t\t        <div class=\"ngg-gallery-thumbnail\">\n            <a href=\"https:\/\/koenigswald.de\/wp-content\/gallery\/hahsit\/IMG_20160909_141728.jpg\"\n               title=\"\"\n               data-src=\"https:\/\/koenigswald.de\/wp-content\/gallery\/hahsit\/IMG_20160909_141728.jpg\"\n               data-thumbnail=\"https:\/\/koenigswald.de\/wp-content\/gallery\/hahsit\/thumbs\/thumbs_IMG_20160909_141728.jpg\"\n               data-image-id=\"754\"\n               data-title=\"IMG_20160909_141728\"\n               data-description=\"\"\n               data-image-slug=\"img_20160909_141728\"\n               class=\"ngg-fancybox\" rel=\"a1c47c27e329b7b79e9e7654a0f1ba1d\">\n                <img\n                    title=\"IMG_20160909_141728\"\n                    alt=\"IMG_20160909_141728\"\n                    src=\"https:\/\/koenigswald.de\/wp-content\/gallery\/hahsit\/thumbs\/thumbs_IMG_20160909_141728.jpg\"\n                    width=\"120\"\n                    height=\"68\"\n                    style=\"max-width:100%;\"\n                \/>\n            <\/a>\n        <\/div>\n\t\t\t\t\t\t\t<\/div> \n\t\t\t\n        \n\t\t\t\t<div id=\"ngg-image-1\" class=\"ngg-gallery-thumbnail-box\" >\n\t\t\t\t        <div class=\"ngg-gallery-thumbnail\">\n            <a href=\"https:\/\/koenigswald.de\/wp-content\/gallery\/hahsit\/IMG_20160909_141802.jpg\"\n               title=\"\"\n               data-src=\"https:\/\/koenigswald.de\/wp-content\/gallery\/hahsit\/IMG_20160909_141802.jpg\"\n               data-thumbnail=\"https:\/\/koenigswald.de\/wp-content\/gallery\/hahsit\/thumbs\/thumbs_IMG_20160909_141802.jpg\"\n               data-image-id=\"755\"\n               data-title=\"IMG_20160909_141802\"\n               data-description=\"\"\n               data-image-slug=\"img_20160909_141802\"\n               class=\"ngg-fancybox\" rel=\"a1c47c27e329b7b79e9e7654a0f1ba1d\">\n                <img\n                    title=\"IMG_20160909_141802\"\n                    alt=\"IMG_20160909_141802\"\n                    src=\"https:\/\/koenigswald.de\/wp-content\/gallery\/hahsit\/thumbs\/thumbs_IMG_20160909_141802.jpg\"\n                    width=\"120\"\n                    height=\"68\"\n                    style=\"max-width:100%;\"\n                \/>\n            <\/a>\n        <\/div>\n\t\t\t\t\t\t\t<\/div> \n\t\t\t\n        \n\t\t\t\t<div id=\"ngg-image-2\" class=\"ngg-gallery-thumbnail-box\" >\n\t\t\t\t        <div class=\"ngg-gallery-thumbnail\">\n            <a href=\"https:\/\/koenigswald.de\/wp-content\/gallery\/hahsit\/IMG_20160909_141856.jpg\"\n               title=\"\"\n               data-src=\"https:\/\/koenigswald.de\/wp-content\/gallery\/hahsit\/IMG_20160909_141856.jpg\"\n               data-thumbnail=\"https:\/\/koenigswald.de\/wp-content\/gallery\/hahsit\/thumbs\/thumbs_IMG_20160909_141856.jpg\"\n               data-image-id=\"756\"\n               data-title=\"IMG_20160909_141856\"\n               data-description=\"\"\n               data-image-slug=\"img_20160909_141856\"\n               class=\"ngg-fancybox\" rel=\"a1c47c27e329b7b79e9e7654a0f1ba1d\">\n                <img\n                    title=\"IMG_20160909_141856\"\n                    alt=\"IMG_20160909_141856\"\n                    src=\"https:\/\/koenigswald.de\/wp-content\/gallery\/hahsit\/thumbs\/thumbs_IMG_20160909_141856.jpg\"\n                    width=\"120\"\n                    height=\"68\"\n                    style=\"max-width:100%;\"\n                \/>\n            <\/a>\n        <\/div>\n\t\t\t\t\t\t\t<\/div> \n\t\t\t\n        \n\t\t\t\t<div id=\"ngg-image-3\" class=\"ngg-gallery-thumbnail-box\" >\n\t\t\t\t        <div class=\"ngg-gallery-thumbnail\">\n            <a href=\"https:\/\/koenigswald.de\/wp-content\/gallery\/hahsit\/IMG_20160909_141904.jpg\"\n               title=\"\"\n               data-src=\"https:\/\/koenigswald.de\/wp-content\/gallery\/hahsit\/IMG_20160909_141904.jpg\"\n               data-thumbnail=\"https:\/\/koenigswald.de\/wp-content\/gallery\/hahsit\/thumbs\/thumbs_IMG_20160909_141904.jpg\"\n               data-image-id=\"757\"\n               data-title=\"IMG_20160909_141904\"\n               data-description=\"\"\n               data-image-slug=\"img_20160909_141904\"\n               class=\"ngg-fancybox\" rel=\"a1c47c27e329b7b79e9e7654a0f1ba1d\">\n                <img\n                    title=\"IMG_20160909_141904\"\n                    alt=\"IMG_20160909_141904\"\n                    src=\"https:\/\/koenigswald.de\/wp-content\/gallery\/hahsit\/thumbs\/thumbs_IMG_20160909_141904.jpg\"\n                    width=\"120\"\n                    height=\"68\"\n                    style=\"max-width:100%;\"\n                \/>\n            <\/a>\n        <\/div>\n\t\t\t\t\t\t\t<\/div> \n\t\t\t\n        \n\t\t\n\t\t<div class=\"ngg-clear\"><\/div>\n\t<\/div>\n\n<div id=\"themify_builder_content-2578\" data-postid=\"2578\" class=\"themify_builder_content themify_builder_content-2578 themify_builder themify_builder_front\">\n\t<\/div>\n<!-- \/themify_builder_content -->","protected":false},"excerpt":{"rendered":"<p>Hahs.IT | PC-SPEZIALIST Bebra PC-SPEZIALIST Bebra bietet Ihnen ein umfangreiches Angebot an IT-Dienstleistungen f\u00fcr alle Ger\u00e4te. Im Schadensfall erhalten Sie durch die Hardware- , PC- und Notebook- oder Smartphone- und Tablet-Reparatur schnelle Hilfe und fachgerechten Service. Zus\u00e4tzlich unterst\u00fctzen Sie unsere zertifizierten Techniker Sie bei der Einrichtung und Konfiguration Ihres Wunsch-PCs , der Netzwerkeinrichtung- und Betreuung [&hellip;]<\/p>\n","protected":false},"author":2,"featured_media":0,"parent":2542,"menu_order":0,"comment_status":"open","ping_status":"open","template":"","meta":{"ngg_post_thumbnail":0},"_links":{"self":[{"href":"https:\/\/koenigswald.de\/index.php?rest_route=\/wp\/v2\/pages\/2578"}],"collection":[{"href":"https:\/\/koenigswald.de\/index.php?rest_route=\/wp\/v2\/pages"}],"about":[{"href":"https:\/\/koenigswald.de\/index.php?rest_route=\/wp\/v2\/types\/page"}],"author":[{"embeddable":true,"href":"https:\/\/koenigswald.de\/index.php?rest_route=\/wp\/v2\/users\/2"}],"replies":[{"embeddable":true,"href":"https:\/\/koenigswald.de\/index.php?rest_route=%2Fwp%2Fv2%2Fcomments&post=2578"}],"version-history":[{"count":5,"href":"https:\/\/koenigswald.de\/index.php?rest_route=\/wp\/v2\/pages\/2578\/revisions"}],"predecessor-version":[{"id":3349,"href":"https:\/\/koenigswald.de\/index.php?rest_route=\/wp\/v2\/pages\/2578\/revisions\/3349"}],"up":[{"embeddable":true,"href":"https:\/\/koenigswald.de\/index.php?rest_route=\/wp\/v2\/pages\/2542"}],"wp:attachment":[{"href":"https:\/\/koenigswald.de\/index.php?rest_route=%2Fwp%2Fv2%2Fmedia&parent=2578"}],"curies":[{"name":"wp","href":"https:\/\/api.w.org\/{rel}","templated":true}]}}