{"id":2576,"date":"2014-12-06T19:09:41","date_gmt":"2014-12-06T17:09:41","guid":{"rendered":"http:\/\/www.koenigswald.de\/?page_id=2576"},"modified":"2015-04-04T19:34:48","modified_gmt":"2015-04-04T17:34:48","slug":"schmauch-lohnunternehmen","status":"publish","type":"page","link":"https:\/\/koenigswald.de\/?page_id=2576","title":{"rendered":"Schmauch Lohnunternehmen"},"content":{"rendered":"<h1>Schmauch Lohnunternehmen<\/h1>\n<p>Wir sind die erste Adresse in Sachen landwirtschaftlicher Transporte und Dienstleistungen.<\/p>\n<p>Durch unsere langj\u00e4hrige Erfahrung, unser umfassendes Leistungsspektrum und die Zusammenarbeit mit namhaften Herstellern und vertrauensvollen Partnern ist es uns gelungen, den Stamm zufriedener Kunden st\u00e4ndig zu erweitern.<\/p>\n<p>Unser Dienstleistungsservice umfasst nat\u00fcrlich auch individuelle Beratung. Informieren Sie sich auf unseren Internetseiten detailliert \u00fcber unser Angebot und unsere Dienstleistungen.<\/p>\n<p>Wir hoffen, dass unser leistungsstarkes Angebot auch Sie \u00fcberzeugen wird!<\/p>\n<p>Horst Schmauch<br \/>\nLandtechnische Lohnarbeiten<br \/>\nIm Oberland 12<br \/>\n36219 K\u00f6nigswald<\/p>\n<p>Telefon: 0173 5375365<br \/>\nFax: 05650 9212087<br \/>\nE-Mail: <a href=\"mailto:info@dafarmer.de\">info@dafarmer.de<\/a><br \/>\nHomepage: <a href=\"http:\/\/www.dafarmer.de\" target=\"_blank\">www.dafarmer.de<\/a><\/p>\n<!-- index.php -->\n<div\n\tclass=\"ngg-galleryoverview ngg-ajax-pagination-none\"\n\tid=\"ngg-gallery-3a6c40b8b2a7fca45f888c64d943eecc-1\">\n\n    \t\t<!-- Thumbnails -->\n\t\t\t\t<div id=\"ngg-image-0\" class=\"ngg-gallery-thumbnail-box\" >\n\t\t\t\t        <div class=\"ngg-gallery-thumbnail\">\n            <a href=\"https:\/\/koenigswald.de\/wp-content\/gallery\/schmauch\/293866_502173109798792_1857991753_n.jpg\"\n               title=\"\"\n               data-src=\"https:\/\/koenigswald.de\/wp-content\/gallery\/schmauch\/293866_502173109798792_1857991753_n.jpg\"\n               data-thumbnail=\"https:\/\/koenigswald.de\/wp-content\/gallery\/schmauch\/thumbs\/thumbs_293866_502173109798792_1857991753_n.jpg\"\n               data-image-id=\"661\"\n               data-title=\"293866_502173109798792_1857991753_n\"\n               data-description=\"\"\n               data-image-slug=\"293866_502173109798792_1857991753_n\"\n               class=\"ngg-fancybox\" rel=\"3a6c40b8b2a7fca45f888c64d943eecc\">\n                <img\n                    title=\"293866_502173109798792_1857991753_n\"\n                    alt=\"293866_502173109798792_1857991753_n\"\n                    src=\"https:\/\/koenigswald.de\/wp-content\/gallery\/schmauch\/thumbs\/thumbs_293866_502173109798792_1857991753_n.jpg\"\n                    width=\"120\"\n                    height=\"90\"\n                    style=\"max-width:100%;\"\n                \/>\n            <\/a>\n        <\/div>\n\t\t\t\t\t\t\t<\/div> \n\t\t\t\n        \n\t\t\t\t<div id=\"ngg-image-1\" class=\"ngg-gallery-thumbnail-box\" >\n\t\t\t\t        <div class=\"ngg-gallery-thumbnail\">\n            <a href=\"https:\/\/koenigswald.de\/wp-content\/gallery\/schmauch\/36618_549751291707640_496555961_n.jpg\"\n               title=\"\"\n               data-src=\"https:\/\/koenigswald.de\/wp-content\/gallery\/schmauch\/36618_549751291707640_496555961_n.jpg\"\n               data-thumbnail=\"https:\/\/koenigswald.de\/wp-content\/gallery\/schmauch\/thumbs\/thumbs_36618_549751291707640_496555961_n.jpg\"\n               data-image-id=\"662\"\n               data-title=\"36618_549751291707640_496555961_n\"\n               data-description=\"\"\n               data-image-slug=\"36618_549751291707640_496555961_n\"\n               class=\"ngg-fancybox\" rel=\"3a6c40b8b2a7fca45f888c64d943eecc\">\n                <img\n                    title=\"36618_549751291707640_496555961_n\"\n                    alt=\"36618_549751291707640_496555961_n\"\n                    src=\"https:\/\/koenigswald.de\/wp-content\/gallery\/schmauch\/thumbs\/thumbs_36618_549751291707640_496555961_n.jpg\"\n                    width=\"120\"\n                    height=\"90\"\n                    style=\"max-width:100%;\"\n                \/>\n            <\/a>\n        <\/div>\n\t\t\t\t\t\t\t<\/div> \n\t\t\t\n        \n\t\t\t\t<div id=\"ngg-image-2\" class=\"ngg-gallery-thumbnail-box\" >\n\t\t\t\t        <div class=\"ngg-gallery-thumbnail\">\n            <a href=\"https:\/\/koenigswald.de\/wp-content\/gallery\/schmauch\/IMG-20140906-WA0000.jpg\"\n               title=\"\"\n               data-src=\"https:\/\/koenigswald.de\/wp-content\/gallery\/schmauch\/IMG-20140906-WA0000.jpg\"\n               data-thumbnail=\"https:\/\/koenigswald.de\/wp-content\/gallery\/schmauch\/thumbs\/thumbs_IMG-20140906-WA0000.jpg\"\n               data-image-id=\"663\"\n               data-title=\"IMG-20140906-WA0000\"\n               data-description=\"\"\n               data-image-slug=\"img-20140906-wa0000\"\n               class=\"ngg-fancybox\" rel=\"3a6c40b8b2a7fca45f888c64d943eecc\">\n                <img\n                    title=\"IMG-20140906-WA0000\"\n                    alt=\"IMG-20140906-WA0000\"\n                    src=\"https:\/\/koenigswald.de\/wp-content\/gallery\/schmauch\/thumbs\/thumbs_IMG-20140906-WA0000.jpg\"\n                    width=\"120\"\n                    height=\"90\"\n                    style=\"max-width:100%;\"\n                \/>\n            <\/a>\n        <\/div>\n\t\t\t\t\t\t\t<\/div> \n\t\t\t\n        \n\t\t\t\t<div id=\"ngg-image-3\" class=\"ngg-gallery-thumbnail-box\" >\n\t\t\t\t        <div class=\"ngg-gallery-thumbnail\">\n            <a href=\"https:\/\/koenigswald.de\/wp-content\/gallery\/schmauch\/IMG-20140906-WA0002.jpg\"\n               title=\"\"\n               data-src=\"https:\/\/koenigswald.de\/wp-content\/gallery\/schmauch\/IMG-20140906-WA0002.jpg\"\n               data-thumbnail=\"https:\/\/koenigswald.de\/wp-content\/gallery\/schmauch\/thumbs\/thumbs_IMG-20140906-WA0002.jpg\"\n               data-image-id=\"664\"\n               data-title=\"IMG-20140906-WA0002\"\n               data-description=\"\"\n               data-image-slug=\"img-20140906-wa0002\"\n               class=\"ngg-fancybox\" rel=\"3a6c40b8b2a7fca45f888c64d943eecc\">\n                <img\n                    title=\"IMG-20140906-WA0002\"\n                    alt=\"IMG-20140906-WA0002\"\n                    src=\"https:\/\/koenigswald.de\/wp-content\/gallery\/schmauch\/thumbs\/thumbs_IMG-20140906-WA0002.jpg\"\n                    width=\"120\"\n                    height=\"90\"\n                    style=\"max-width:100%;\"\n                \/>\n            <\/a>\n        <\/div>\n\t\t\t\t\t\t\t<\/div> \n\t\t\t\n        \n\t\t\t\t<div id=\"ngg-image-4\" class=\"ngg-gallery-thumbnail-box\" >\n\t\t\t\t        <div class=\"ngg-gallery-thumbnail\">\n            <a href=\"https:\/\/koenigswald.de\/wp-content\/gallery\/schmauch\/IMG-20140906-WA0006.jpg\"\n               title=\"\"\n               data-src=\"https:\/\/koenigswald.de\/wp-content\/gallery\/schmauch\/IMG-20140906-WA0006.jpg\"\n               data-thumbnail=\"https:\/\/koenigswald.de\/wp-content\/gallery\/schmauch\/thumbs\/thumbs_IMG-20140906-WA0006.jpg\"\n               data-image-id=\"665\"\n               data-title=\"IMG-20140906-WA0006\"\n               data-description=\"\"\n               data-image-slug=\"img-20140906-wa0006\"\n               class=\"ngg-fancybox\" rel=\"3a6c40b8b2a7fca45f888c64d943eecc\">\n                <img\n                    title=\"IMG-20140906-WA0006\"\n                    alt=\"IMG-20140906-WA0006\"\n                    src=\"https:\/\/koenigswald.de\/wp-content\/gallery\/schmauch\/thumbs\/thumbs_IMG-20140906-WA0006.jpg\"\n                    width=\"120\"\n                    height=\"90\"\n                    style=\"max-width:100%;\"\n                \/>\n            <\/a>\n        <\/div>\n\t\t\t\t\t\t\t<\/div> \n\t\t\t\n        \n\t\t\n\t\t<div class=\"ngg-clear\"><\/div>\n\t<\/div>\n\n<div id=\"themify_builder_content-2576\" data-postid=\"2576\" class=\"themify_builder_content themify_builder_content-2576 themify_builder themify_builder_front\">\n\t<\/div>\n<!-- \/themify_builder_content -->","protected":false},"excerpt":{"rendered":"<p>Schmauch Lohnunternehmen Wir sind die erste Adresse in Sachen landwirtschaftlicher Transporte und Dienstleistungen. Durch unsere langj\u00e4hrige Erfahrung, unser umfassendes Leistungsspektrum und die Zusammenarbeit mit namhaften Herstellern und vertrauensvollen Partnern ist es uns gelungen, den Stamm zufriedener Kunden st\u00e4ndig zu erweitern. Unser Dienstleistungsservice umfasst nat\u00fcrlich auch individuelle Beratung. Informieren Sie sich auf unseren Internetseiten detailliert \u00fcber [&hellip;]<\/p>\n","protected":false},"author":2,"featured_media":0,"parent":2542,"menu_order":0,"comment_status":"open","ping_status":"open","template":"","meta":{"ngg_post_thumbnail":0},"_links":{"self":[{"href":"https:\/\/koenigswald.de\/index.php?rest_route=\/wp\/v2\/pages\/2576"}],"collection":[{"href":"https:\/\/koenigswald.de\/index.php?rest_route=\/wp\/v2\/pages"}],"about":[{"href":"https:\/\/koenigswald.de\/index.php?rest_route=\/wp\/v2\/types\/page"}],"author":[{"embeddable":true,"href":"https:\/\/koenigswald.de\/index.php?rest_route=\/wp\/v2\/users\/2"}],"replies":[{"embeddable":true,"href":"https:\/\/koenigswald.de\/index.php?rest_route=%2Fwp%2Fv2%2Fcomments&post=2576"}],"version-history":[{"count":4,"href":"https:\/\/koenigswald.de\/index.php?rest_route=\/wp\/v2\/pages\/2576\/revisions"}],"predecessor-version":[{"id":3097,"href":"https:\/\/koenigswald.de\/index.php?rest_route=\/wp\/v2\/pages\/2576\/revisions\/3097"}],"up":[{"embeddable":true,"href":"https:\/\/koenigswald.de\/index.php?rest_route=\/wp\/v2\/pages\/2542"}],"wp:attachment":[{"href":"https:\/\/koenigswald.de\/index.php?rest_route=%2Fwp%2Fv2%2Fmedia&parent=2576"}],"curies":[{"name":"wp","href":"https:\/\/api.w.org\/{rel}","templated":true}]}}