{"id":2569,"date":"2014-12-06T18:43:46","date_gmt":"2014-12-06T16:43:46","guid":{"rendered":"http:\/\/www.koenigswald.de\/?page_id=2569"},"modified":"2015-04-04T19:09:00","modified_gmt":"2015-04-04T17:09:00","slug":"restaurant-kloster-cornberg","status":"publish","type":"page","link":"https:\/\/koenigswald.de\/?page_id=2569","title":{"rendered":"Restaurant\/Hotel Kloster Cornberg"},"content":{"rendered":"<h1>Hotel-Restaurant Kloster Cornberg<\/h1>\n<p>Das Hotel-Restaurant &#8222;Kloster Cornberg&#8220; befindet sich im Ostfl\u00fcgel der historischen Klosteranlage. In einem Gew\u00f6lberestaurant findet sich Platz f\u00fcr 60 Personen. Gekonnt wurden hier historische Elemente wie freiliegendes Mauerwerk und tiefe Fenstersimse integriert. Hotel, Gew\u00f6lberestaurant und Tagungsbereich f\u00fcgen sich unauff\u00e4llig in eine historische Erscheinung, deren Grundstein vor mehr als 700 Jahren gelegt wurde. Das Klosterrestaurant bietet einen stimmungsvollen Rahmen, sowohl f\u00fcr festliche Gesellschaften, als auch f\u00fcr romantische D\u00eenes oder eine ungew\u00f6hnliche Tagungspause.<\/p>\n<p>Im S\u00fcdfl\u00fcgel \u2013 der ehemaligen Kirche des Klosters \u2013 und im Innenhof finden vom Jazzfr\u00fchschoppen bis hin zum Kabarettabend die verschiedensten kulturellen Veranstaltungen statt.<\/p>\n<p>Im Nordfl\u00fcgel der Klosteranlage befinden sich dieTagungsr\u00e4umen \u201eBubenbach\u201c und \u201eBenedictus\u201c sowie eine Kegelbahn. Im Raum \u201eBenedictus\u201c werden auch standesamtliche Trauungen durchgef\u00fchrt. Ein au\u00dfergew\u00f6hnlich romantischer Rahmen, in dem sich mittlerweile Paare aus dem ganzen Bundesgebiet ihr Ja-Wort geben.<\/p>\n<p>Im Westfl\u00fcgel befindet sich das Cornberger Sandsteinmuseum, wo sich interessierte Besucher \u00fcber den Cornberger Sandstein, die Geschichte des Klosters und die Bergarbeitersiedlung Cornberg informieren k\u00f6nnen. Zahlreiche Fossilfunde sind als Zeugen der Vergangenheit zu bewundern.<\/p>\n<p>Kloster Cornberg<br \/>\nAm Steinbruch 1<br \/>\n36219 Cornberg<\/p>\n<p>Telefon: 05650\/9219130<br \/>\nTelefax: 05650\/9219131<br \/>\nE-Mail: <a href=\"mailto:info@kloster-cornberg.com\" target=\"_blank\">info@kloster-cornberg.com<\/a><br \/>\nHomepage: <a href=\"http:\/\/www.kloster-cornberg.com\" target=\"_blank\">www.kloster-cornberg.com<\/a><\/p>\n<!-- index.php -->\n<div\n\tclass=\"ngg-galleryoverview ngg-ajax-pagination-none\"\n\tid=\"ngg-gallery-f7d4dd99f097139872b1005918338752-1\">\n\n    \t\t<!-- Thumbnails -->\n\t\t\t\t<div id=\"ngg-image-0\" class=\"ngg-gallery-thumbnail-box\" >\n\t\t\t\t        <div class=\"ngg-gallery-thumbnail\">\n            <a href=\"https:\/\/koenigswald.de\/wp-content\/gallery\/kloster-cornberg\/Kloster%20Cornberg10.jpg\"\n               title=\"\"\n               data-src=\"https:\/\/koenigswald.de\/wp-content\/gallery\/kloster-cornberg\/Kloster%20Cornberg10.jpg\"\n               data-thumbnail=\"https:\/\/koenigswald.de\/wp-content\/gallery\/kloster-cornberg\/thumbs\/thumbs_Kloster%20Cornberg10.jpg\"\n               data-image-id=\"657\"\n               data-title=\"Kloster Cornberg10\"\n               data-description=\"\"\n               data-image-slug=\"kloster-cornberg10\"\n               class=\"ngg-fancybox\" rel=\"f7d4dd99f097139872b1005918338752\">\n                <img\n                    title=\"Kloster Cornberg10\"\n                    alt=\"Kloster Cornberg10\"\n                    src=\"https:\/\/koenigswald.de\/wp-content\/gallery\/kloster-cornberg\/thumbs\/thumbs_Kloster%20Cornberg10.jpg\"\n                    width=\"120\"\n                    height=\"90\"\n                    style=\"max-width:100%;\"\n                \/>\n            <\/a>\n        <\/div>\n\t\t\t\t\t\t\t<\/div> \n\t\t\t\n        \n\t\t\t\t<div id=\"ngg-image-1\" class=\"ngg-gallery-thumbnail-box\" >\n\t\t\t\t        <div class=\"ngg-gallery-thumbnail\">\n            <a href=\"https:\/\/koenigswald.de\/wp-content\/gallery\/kloster-cornberg\/Kloster%20Cornberg11.jpg\"\n               title=\"\"\n               data-src=\"https:\/\/koenigswald.de\/wp-content\/gallery\/kloster-cornberg\/Kloster%20Cornberg11.jpg\"\n               data-thumbnail=\"https:\/\/koenigswald.de\/wp-content\/gallery\/kloster-cornberg\/thumbs\/thumbs_Kloster%20Cornberg11.jpg\"\n               data-image-id=\"658\"\n               data-title=\"Kloster Cornberg11\"\n               data-description=\"\"\n               data-image-slug=\"kloster-cornberg11\"\n               class=\"ngg-fancybox\" rel=\"f7d4dd99f097139872b1005918338752\">\n                <img\n                    title=\"Kloster Cornberg11\"\n                    alt=\"Kloster Cornberg11\"\n                    src=\"https:\/\/koenigswald.de\/wp-content\/gallery\/kloster-cornberg\/thumbs\/thumbs_Kloster%20Cornberg11.jpg\"\n                    width=\"112\"\n                    height=\"90\"\n                    style=\"max-width:100%;\"\n                \/>\n            <\/a>\n        <\/div>\n\t\t\t\t\t\t\t<\/div> \n\t\t\t\n        \n\t\t\t\t<div id=\"ngg-image-2\" class=\"ngg-gallery-thumbnail-box\" >\n\t\t\t\t        <div class=\"ngg-gallery-thumbnail\">\n            <a href=\"https:\/\/koenigswald.de\/wp-content\/gallery\/kloster-cornberg\/Kloster%20Cornberg61.jpg\"\n               title=\"\"\n               data-src=\"https:\/\/koenigswald.de\/wp-content\/gallery\/kloster-cornberg\/Kloster%20Cornberg61.jpg\"\n               data-thumbnail=\"https:\/\/koenigswald.de\/wp-content\/gallery\/kloster-cornberg\/thumbs\/thumbs_Kloster%20Cornberg61.jpg\"\n               data-image-id=\"659\"\n               data-title=\"Kloster Cornberg61\"\n               data-description=\"\"\n               data-image-slug=\"kloster-cornberg61\"\n               class=\"ngg-fancybox\" rel=\"f7d4dd99f097139872b1005918338752\">\n                <img\n                    title=\"Kloster Cornberg61\"\n                    alt=\"Kloster Cornberg61\"\n                    src=\"https:\/\/koenigswald.de\/wp-content\/gallery\/kloster-cornberg\/thumbs\/thumbs_Kloster%20Cornberg61.jpg\"\n                    width=\"120\"\n                    height=\"79\"\n                    style=\"max-width:100%;\"\n                \/>\n            <\/a>\n        <\/div>\n\t\t\t\t\t\t\t<\/div> \n\t\t\t\n        \n\t\t\t\t<div id=\"ngg-image-3\" class=\"ngg-gallery-thumbnail-box\" >\n\t\t\t\t        <div class=\"ngg-gallery-thumbnail\">\n            <a href=\"https:\/\/koenigswald.de\/wp-content\/gallery\/kloster-cornberg\/Zimmer1.jpg\"\n               title=\"\"\n               data-src=\"https:\/\/koenigswald.de\/wp-content\/gallery\/kloster-cornberg\/Zimmer1.jpg\"\n               data-thumbnail=\"https:\/\/koenigswald.de\/wp-content\/gallery\/kloster-cornberg\/thumbs\/thumbs_Zimmer1.jpg\"\n               data-image-id=\"660\"\n               data-title=\"Zimmer1\"\n               data-description=\"\"\n               data-image-slug=\"zimmer1\"\n               class=\"ngg-fancybox\" rel=\"f7d4dd99f097139872b1005918338752\">\n                <img\n                    title=\"Zimmer1\"\n                    alt=\"Zimmer1\"\n                    src=\"https:\/\/koenigswald.de\/wp-content\/gallery\/kloster-cornberg\/thumbs\/thumbs_Zimmer1.jpg\"\n                    width=\"120\"\n                    height=\"90\"\n                    style=\"max-width:100%;\"\n                \/>\n            <\/a>\n        <\/div>\n\t\t\t\t\t\t\t<\/div> \n\t\t\t\n        \n\t\t\n\t\t<div class=\"ngg-clear\"><\/div>\n\t<\/div>\n\n<div id=\"themify_builder_content-2569\" data-postid=\"2569\" class=\"themify_builder_content themify_builder_content-2569 themify_builder themify_builder_front\">\n\t<\/div>\n<!-- \/themify_builder_content -->","protected":false},"excerpt":{"rendered":"<p>Hotel-Restaurant Kloster Cornberg Das Hotel-Restaurant &#8222;Kloster Cornberg&#8220; befindet sich im Ostfl\u00fcgel der historischen Klosteranlage. In einem Gew\u00f6lberestaurant findet sich Platz f\u00fcr 60 Personen. Gekonnt wurden hier historische Elemente wie freiliegendes Mauerwerk und tiefe Fenstersimse integriert. Hotel, Gew\u00f6lberestaurant und Tagungsbereich f\u00fcgen sich unauff\u00e4llig in eine historische Erscheinung, deren Grundstein vor mehr als 700 Jahren gelegt wurde. [&hellip;]<\/p>\n","protected":false},"author":2,"featured_media":0,"parent":2544,"menu_order":0,"comment_status":"open","ping_status":"open","template":"","meta":{"ngg_post_thumbnail":0},"_links":{"self":[{"href":"https:\/\/koenigswald.de\/index.php?rest_route=\/wp\/v2\/pages\/2569"}],"collection":[{"href":"https:\/\/koenigswald.de\/index.php?rest_route=\/wp\/v2\/pages"}],"about":[{"href":"https:\/\/koenigswald.de\/index.php?rest_route=\/wp\/v2\/types\/page"}],"author":[{"embeddable":true,"href":"https:\/\/koenigswald.de\/index.php?rest_route=\/wp\/v2\/users\/2"}],"replies":[{"embeddable":true,"href":"https:\/\/koenigswald.de\/index.php?rest_route=%2Fwp%2Fv2%2Fcomments&post=2569"}],"version-history":[{"count":6,"href":"https:\/\/koenigswald.de\/index.php?rest_route=\/wp\/v2\/pages\/2569\/revisions"}],"predecessor-version":[{"id":3076,"href":"https:\/\/koenigswald.de\/index.php?rest_route=\/wp\/v2\/pages\/2569\/revisions\/3076"}],"up":[{"embeddable":true,"href":"https:\/\/koenigswald.de\/index.php?rest_route=\/wp\/v2\/pages\/2544"}],"wp:attachment":[{"href":"https:\/\/koenigswald.de\/index.php?rest_route=%2Fwp%2Fv2%2Fmedia&parent=2569"}],"curies":[{"name":"wp","href":"https:\/\/api.w.org\/{rel}","templated":true}]}}