{"id":2375,"date":"2014-11-15T18:33:19","date_gmt":"2014-11-15T16:33:19","guid":{"rendered":"http:\/\/s276753387.online.de\/webs\/koenigswald.de\/?page_id=2375"},"modified":"2015-04-04T20:02:16","modified_gmt":"2015-04-04T18:02:16","slug":"sportgemeinschaft-rockensuesskoenigswald","status":"publish","type":"page","link":"https:\/\/koenigswald.de\/?page_id=2375","title":{"rendered":"Sportgemeinschaft Rockens\u00fc\u00df\/K\u00f6nigswald"},"content":{"rendered":"<h1>Sportgemeinschaft Rockens\u00fc\u00df\/K\u00f6nigswald<\/h1>\n<p><a href=\"http:\/\/s276753387.online.de\/webs\/koenigswald.de\/wp-content\/uploads\/2014\/11\/wappen_sportgemeinschaft.jpg\"><img loading=\"lazy\" class=\"alignnone size-full wp-image-2449\" src=\"http:\/\/s276753387.online.de\/webs\/koenigswald.de\/wp-content\/uploads\/2014\/11\/wappen_sportgemeinschaft.jpg\" alt=\"wappen_sportgemeinschaft\" width=\"144\" height=\"153\" \/><\/a><\/p>\n<p>Text und Fotos<\/p>\n<div id=\"themify_builder_content-2375\" data-postid=\"2375\" class=\"themify_builder_content themify_builder_content-2375 themify_builder themify_builder_front\">\n\t<\/div>\n<!-- \/themify_builder_content -->","protected":false},"excerpt":{"rendered":"<p>Sportgemeinschaft Rockens\u00fc\u00df\/K\u00f6nigswald Text und Fotos<\/p>\n","protected":false},"author":2,"featured_media":0,"parent":2366,"menu_order":0,"comment_status":"open","ping_status":"open","template":"","meta":{"ngg_post_thumbnail":0},"_links":{"self":[{"href":"https:\/\/koenigswald.de\/index.php?rest_route=\/wp\/v2\/pages\/2375"}],"collection":[{"href":"https:\/\/koenigswald.de\/index.php?rest_route=\/wp\/v2\/pages"}],"about":[{"href":"https:\/\/koenigswald.de\/index.php?rest_route=\/wp\/v2\/types\/page"}],"author":[{"embeddable":true,"href":"https:\/\/koenigswald.de\/index.php?rest_route=\/wp\/v2\/users\/2"}],"replies":[{"embeddable":true,"href":"https:\/\/koenigswald.de\/index.php?rest_route=%2Fwp%2Fv2%2Fcomments&post=2375"}],"version-history":[{"count":4,"href":"https:\/\/koenigswald.de\/index.php?rest_route=\/wp\/v2\/pages\/2375\/revisions"}],"predecessor-version":[{"id":3117,"href":"https:\/\/koenigswald.de\/index.php?rest_route=\/wp\/v2\/pages\/2375\/revisions\/3117"}],"up":[{"embeddable":true,"href":"https:\/\/koenigswald.de\/index.php?rest_route=\/wp\/v2\/pages\/2366"}],"wp:attachment":[{"href":"https:\/\/koenigswald.de\/index.php?rest_route=%2Fwp%2Fv2%2Fmedia&parent=2375"}],"curies":[{"name":"wp","href":"https:\/\/api.w.org\/{rel}","templated":true}]}}