{"id":2371,"date":"2014-11-15T18:32:25","date_gmt":"2014-11-15T16:32:25","guid":{"rendered":"http:\/\/s276753387.online.de\/webs\/koenigswald.de\/?page_id=2371"},"modified":"2015-04-09T18:29:06","modified_gmt":"2015-04-09T16:29:06","slug":"landfrauenverein-koenigswald","status":"publish","type":"page","link":"https:\/\/koenigswald.de\/?page_id=2371","title":{"rendered":"LandFrauen Verein  K\u00f6nigswald"},"content":{"rendered":"<h1>LandFrauen Verein K\u00f6nigswald<\/h1>\n<p><a href=\"https:\/\/koenigswald.de\/wp-content\/uploads\/2014\/11\/logo_landfrauen.png\"><img loading=\"lazy\" class=\"size-full wp-image-2466 alignleft\" src=\"https:\/\/koenigswald.de\/wp-content\/uploads\/2014\/11\/logo_landfrauen.png\" alt=\"logo_landfrauen\" width=\"200\" height=\"90\" \/><\/a><\/p>\n<p>Unser LandFrauen Verein besteht aus 71 Mitgliedern und ist im Jahre 1966 gegr\u00fcndet worden.<br \/>\nSeither ist der Verein ein engagierter und tatkr\u00e4ftiger \u201e Frauentrupp\u201c.\u00a0 Im LandFrauen Verein treffen sich nicht nur Frauen aus K\u00f6nigswald, sondern auch aus Rockens\u00fc\u00df, Cornberg, Berneburg, St\u00f6lzingen, Gehau, Eltmannsee und Dankerode.<br \/>\nWir LandFrauen sind heute alle auf dem Land lebende Frauen jeden Alters in den unterschiedlichsten Berufen und in den verschiedensten Lebenssituationen und doch haben wir ein gemeinsames Ziel.<\/p>\n<p>Entsprechend bunt und vielseitig sind unsere Veranstaltungen, die f\u00fcr uns eine Herausforderung sind und gleichzeitig die Chance bietet Kontakte zu kn\u00fcpfen.<\/p>\n<p>Zu unseren Aktivit\u00e4ten und Aufgaben geh\u00f6ren: Vertretung der Belange der Landfrauen in der \u00d6ffentlichkeit, die \u00f6rtliche Gemeinschaft st\u00e4rken,\u00a0 Pflege und Belebung der d\u00f6rflichen Kultur, Br\u00fccken schlagen zwischen Jung und Alt, kreative Besch\u00e4ftigung, Bewahrung und Pflege des Brauchtums, Organisation und Durchf\u00fchrung von Ausfl\u00fcgen und Bildungsfahrten und vieles mehr.<\/p>\n<p>In enger Zusammenarbeit mit der Freiwilligen Feuerwehr und des Sch\u00fctzenvereines planen wir gemeinsame Veranstaltungen. Dadurch profitieren wir voneinander.<\/p>\n<p>Auch in Zukunft werden wir bestrebt sein, dass unser Leben im l\u00e4ndlichen Raum attraktiver wird, lebenswert bleibt und wir noch weitere Frauen f\u00fcr unser Vereinsleben gewinnen k\u00f6nnen!<br \/>\nZu den Vortr\u00e4gen, Kursen und Aktivit\u00e4ten sind alle Frauen jeden Alters herzlich Eingeladen uns zu besuchen.<br \/>\nEs gibt keine Altersbeschr\u00e4nkung!<br \/>\nUnd ob man nur die Geselligkeit der LandFrauen oder sich selbst in Projekten engagieren m\u00f6chte, entscheidet jede Frau f\u00fcr sich selbst.<br \/>\nWir freuen uns \u00fcber jede Frau, die sich f\u00fcr uns interessiert.<\/p>\n<p>Nur zu\u2026 es macht viel Spa\u00df und ist eine Bereicherung des Alltags.<br \/>\nUnser Vorstand setzt sich wie folgt zusammen:<\/p>\n<p>Vorsitzende: Inge Baum Tel: 05650-888 Email: <a href=\"mailto:ingebaum@t-online.de\">ingebaum@t-online.de<\/a><br \/>\nStellv. Vorsitzende: Erika Schmauch<br \/>\nKassiererin: Annabell Gerlach<br \/>\nStellv. Kassiererin: Heike Ullrich<br \/>\nSchriftf\u00fchrerin: Katja Fiedler<br \/>\nStellv. Schriftf\u00fchrerin: Angelika Rinne<\/p>\n<div id=\"themify_builder_content-2371\" data-postid=\"2371\" class=\"themify_builder_content themify_builder_content-2371 themify_builder themify_builder_front\">\n\t<\/div>\n<!-- \/themify_builder_content -->","protected":false},"excerpt":{"rendered":"<p>LandFrauen Verein K\u00f6nigswald Unser LandFrauen Verein besteht aus 71 Mitgliedern und ist im Jahre 1966 gegr\u00fcndet worden. Seither ist der Verein ein engagierter und tatkr\u00e4ftiger \u201e Frauentrupp\u201c.\u00a0 Im LandFrauen Verein treffen sich nicht nur Frauen aus K\u00f6nigswald, sondern auch aus Rockens\u00fc\u00df, Cornberg, Berneburg, St\u00f6lzingen, Gehau, Eltmannsee und Dankerode. Wir LandFrauen sind heute alle auf dem [&hellip;]<\/p>\n","protected":false},"author":2,"featured_media":0,"parent":2366,"menu_order":0,"comment_status":"open","ping_status":"open","template":"","meta":{"ngg_post_thumbnail":0},"_links":{"self":[{"href":"https:\/\/koenigswald.de\/index.php?rest_route=\/wp\/v2\/pages\/2371"}],"collection":[{"href":"https:\/\/koenigswald.de\/index.php?rest_route=\/wp\/v2\/pages"}],"about":[{"href":"https:\/\/koenigswald.de\/index.php?rest_route=\/wp\/v2\/types\/page"}],"author":[{"embeddable":true,"href":"https:\/\/koenigswald.de\/index.php?rest_route=\/wp\/v2\/users\/2"}],"replies":[{"embeddable":true,"href":"https:\/\/koenigswald.de\/index.php?rest_route=%2Fwp%2Fv2%2Fcomments&post=2371"}],"version-history":[{"count":10,"href":"https:\/\/koenigswald.de\/index.php?rest_route=\/wp\/v2\/pages\/2371\/revisions"}],"predecessor-version":[{"id":3177,"href":"https:\/\/koenigswald.de\/index.php?rest_route=\/wp\/v2\/pages\/2371\/revisions\/3177"}],"up":[{"embeddable":true,"href":"https:\/\/koenigswald.de\/index.php?rest_route=\/wp\/v2\/pages\/2366"}],"wp:attachment":[{"href":"https:\/\/koenigswald.de\/index.php?rest_route=%2Fwp%2Fv2%2Fmedia&parent=2371"}],"curies":[{"name":"wp","href":"https:\/\/api.w.org\/{rel}","templated":true}]}}