{"id":2366,"date":"2014-11-15T18:25:48","date_gmt":"2014-11-15T16:25:48","guid":{"rendered":"http:\/\/s276753387.online.de\/webs\/koenigswald.de\/?page_id=2366"},"modified":"2015-04-04T19:54:04","modified_gmt":"2015-04-04T17:54:04","slug":"vereine","status":"publish","type":"page","link":"https:\/\/koenigswald.de\/?page_id=2366","title":{"rendered":"Vereine"},"content":{"rendered":"<h1>Vereine<\/h1>\n<h2><a title=\"Freiwillige Feuerwehr K\u00f6nigswald e. V.\" href=\"https:\/\/koenigswald.de\/?page_id=2369\">Freiwillige Feuerwehr K\u00f6nigswald<\/a><\/h2>\n<h2><a title=\"Landfrauenverein  K\u00f6nigswald\" href=\"https:\/\/koenigswald.de\/?page_id=2371\">Landfrauenverein K\u00f6nigswald<\/a><\/h2>\n<h2><a title=\"Sch\u00fctzenverein K\u00f6nigswald 2000 e.V.\" href=\"https:\/\/koenigswald.de\/?page_id=2373\">Sch\u00fctzenverein K\u00f6nigswald<\/a><\/h2>\n<h2><a title=\"Sportgemeinschaft Rockens\u00fc\u00df\/K\u00f6nigswald\" href=\"https:\/\/koenigswald.de\/?page_id=2375\">Sportgemeinschaft Rockens\u00fc\u00df\/K\u00f6nigswald<\/a><\/h2>\n<h2><a title=\"Jugendraum K\u00f6nigswald\" href=\"https:\/\/koenigswald.de\/?page_id=2613\">Jugendraum K\u00f6nigswald<\/a><\/h2>\n<div id=\"themify_builder_content-2366\" data-postid=\"2366\" class=\"themify_builder_content themify_builder_content-2366 themify_builder themify_builder_front\">\n\t<\/div>\n<!-- \/themify_builder_content -->","protected":false},"excerpt":{"rendered":"<p>Vereine Freiwillige Feuerwehr K\u00f6nigswald Landfrauenverein K\u00f6nigswald Sch\u00fctzenverein K\u00f6nigswald Sportgemeinschaft Rockens\u00fc\u00df\/K\u00f6nigswald Jugendraum K\u00f6nigswald<\/p>\n","protected":false},"author":2,"featured_media":0,"parent":0,"menu_order":0,"comment_status":"open","ping_status":"open","template":"","meta":{"ngg_post_thumbnail":0},"_links":{"self":[{"href":"https:\/\/koenigswald.de\/index.php?rest_route=\/wp\/v2\/pages\/2366"}],"collection":[{"href":"https:\/\/koenigswald.de\/index.php?rest_route=\/wp\/v2\/pages"}],"about":[{"href":"https:\/\/koenigswald.de\/index.php?rest_route=\/wp\/v2\/types\/page"}],"author":[{"embeddable":true,"href":"https:\/\/koenigswald.de\/index.php?rest_route=\/wp\/v2\/users\/2"}],"replies":[{"embeddable":true,"href":"https:\/\/koenigswald.de\/index.php?rest_route=%2Fwp%2Fv2%2Fcomments&post=2366"}],"version-history":[{"count":14,"href":"https:\/\/koenigswald.de\/index.php?rest_route=\/wp\/v2\/pages\/2366\/revisions"}],"predecessor-version":[{"id":3105,"href":"https:\/\/koenigswald.de\/index.php?rest_route=\/wp\/v2\/pages\/2366\/revisions\/3105"}],"wp:attachment":[{"href":"https:\/\/koenigswald.de\/index.php?rest_route=%2Fwp%2Fv2%2Fmedia&parent=2366"}],"curies":[{"name":"wp","href":"https:\/\/api.w.org\/{rel}","templated":true}]}}